{"id":1504,"date":"2021-08-03T14:35:13","date_gmt":"2021-08-03T14:35:13","guid":{"rendered":"https:\/\/whitehorseresidence.com\/?page_id=1504"},"modified":"2021-08-03T15:18:19","modified_gmt":"2021-08-03T15:18:19","slug":"piscine-jardin-massages-et-plage","status":"publish","type":"page","link":"https:\/\/whitehorseresidence.com\/?page_id=1504&lang=fr","title":{"rendered":"Piscine, jardin, massages et plage"},"content":{"rendered":"\n<div class=\"wp-block-image\"><figure class=\"aligncenter\"><img loading=\"lazy\" decoding=\"async\" width=\"600\" height=\"268\" src=\"https:\/\/whitehorseresidence.com\/wp-content\/uploads\/2013\/01\/Aerial0034-1r.jpg\" alt=\"\" class=\"wp-image-1146\" srcset=\"https:\/\/whitehorseresidence.com\/wp-content\/uploads\/2013\/01\/Aerial0034-1r.jpg 600w, https:\/\/whitehorseresidence.com\/wp-content\/uploads\/2013\/01\/Aerial0034-1r-300x134.jpg 300w\" sizes=\"auto, (max-width: 600px) 100vw, 600px\" \/><\/figure><\/div>\n\n\n\n<p>La piscine est id\u00e9alement situ\u00e9e au centre du domaine avec une vue panoramique sur la mer et la v\u00e9g\u00e9tation.<br>Le coucher de soleil sur la mer est juste devant la piscine, c&#8217;est un spectacle de tous les jours.<br>Le bar et le restaurant sont situ\u00e9s autour de la piscine. Solarium<br>, parasols et serviettes sont \u00e0 votre disposition.<br>Le jardin paysager avec vue mer est \u00e9galement tr\u00e8s agr\u00e9able avec nos cocotiers&nbsp;, citronniers, manguiers, salomiers\u2026<br>The White Horse Residence propose \u00e9galement divers massages (en suppl\u00e9ment) pour une relaxation compl\u00e8te.<\/p>\n\n\n\n<p>La plage est tr\u00e8s agr\u00e9able pour se promener (surtout \u00e0 mar\u00e9e basse), vous pourrez marcher des kilom\u00e8tres les pieds dans l&#8217;eau.<br><a rel=\"noreferrer noopener\" href=\"https:\/\/seatemperature.net\/current\/gambia\/banjul-sea-temperature\" target=\"_blank\"><strong><em>La temp\u00e9rature de l&#8217;oc\u00e9an<\/em><\/strong><\/a>\u00a0est agr\u00e9able toute l&#8217;ann\u00e9e et il est assez calme pour nager.<br>Cette grande plage de sable blanc est rest\u00e9e naturelle et peu fr\u00e9quent\u00e9e avec seulement quelques plages priv\u00e9es.<br>Chaque matin vous pourrez voir les p\u00e9licans de l&#8217;\u00eele aux p\u00e9licans de Tanji aller p\u00eacher \u00e0 Kartong et les voir revenir sur leur \u00eele en fin d&#8217;apr\u00e8s-midi.<\/p>\n\n\n\n<figure class=\"wp-block-gallery columns-3 is-cropped wp-block-gallery-1 is-layout-flex wp-block-gallery-is-layout-flex\"><ul class=\"blocks-gallery-grid\"><li class=\"blocks-gallery-item\"><figure><a href=\"https:\/\/whitehorseresidence.com\/wp-content\/uploads\/2021\/08\/20200106-DJI_0424r-e1584484407419-1.jpg\"><img loading=\"lazy\" decoding=\"async\" width=\"925\" height=\"425\" src=\"https:\/\/whitehorseresidence.com\/wp-content\/uploads\/2021\/08\/20200106-DJI_0424r-e1584484407419-1.jpg\" alt=\"\" data-id=\"1610\" data-full-url=\"https:\/\/whitehorseresidence.com\/wp-content\/uploads\/2021\/08\/20200106-DJI_0424r-e1584484407419-1.jpg\" data-link=\"https:\/\/whitehorseresidence.com\/?attachment_id=1610\" class=\"wp-image-1610\" srcset=\"https:\/\/whitehorseresidence.com\/wp-content\/uploads\/2021\/08\/20200106-DJI_0424r-e1584484407419-1.jpg 925w, https:\/\/whitehorseresidence.com\/wp-content\/uploads\/2021\/08\/20200106-DJI_0424r-e1584484407419-1-300x138.jpg 300w, https:\/\/whitehorseresidence.com\/wp-content\/uploads\/2021\/08\/20200106-DJI_0424r-e1584484407419-1-768x353.jpg 768w\" sizes=\"auto, (max-width: 925px) 100vw, 925px\" \/><\/a><\/figure><\/li><li class=\"blocks-gallery-item\"><figure><a href=\"https:\/\/whitehorseresidence.com\/wp-content\/uploads\/2021\/08\/20200311_144031-e1585151449488-1.jpg\"><img loading=\"lazy\" decoding=\"async\" width=\"925\" height=\"425\" src=\"https:\/\/whitehorseresidence.com\/wp-content\/uploads\/2021\/08\/20200311_144031-e1585151449488-1.jpg\" alt=\"\" data-id=\"1612\" data-full-url=\"https:\/\/whitehorseresidence.com\/wp-content\/uploads\/2021\/08\/20200311_144031-e1585151449488-1.jpg\" data-link=\"https:\/\/whitehorseresidence.com\/?attachment_id=1612\" class=\"wp-image-1612\" srcset=\"https:\/\/whitehorseresidence.com\/wp-content\/uploads\/2021\/08\/20200311_144031-e1585151449488-1.jpg 925w, https:\/\/whitehorseresidence.com\/wp-content\/uploads\/2021\/08\/20200311_144031-e1585151449488-1-300x138.jpg 300w, https:\/\/whitehorseresidence.com\/wp-content\/uploads\/2021\/08\/20200311_144031-e1585151449488-1-768x353.jpg 768w\" sizes=\"auto, (max-width: 925px) 100vw, 925px\" \/><\/a><\/figure><\/li><li class=\"blocks-gallery-item\"><figure><a href=\"https:\/\/whitehorseresidence.com\/wp-content\/uploads\/2021\/08\/20200313_123256-e1585150874746-1.jpg\"><img loading=\"lazy\" decoding=\"async\" width=\"925\" height=\"425\" src=\"https:\/\/whitehorseresidence.com\/wp-content\/uploads\/2021\/08\/20200313_123256-e1585150874746-1.jpg\" alt=\"\" data-id=\"1614\" data-full-url=\"https:\/\/whitehorseresidence.com\/wp-content\/uploads\/2021\/08\/20200313_123256-e1585150874746-1.jpg\" data-link=\"https:\/\/whitehorseresidence.com\/?attachment_id=1614\" class=\"wp-image-1614\" srcset=\"https:\/\/whitehorseresidence.com\/wp-content\/uploads\/2021\/08\/20200313_123256-e1585150874746-1.jpg 925w, https:\/\/whitehorseresidence.com\/wp-content\/uploads\/2021\/08\/20200313_123256-e1585150874746-1-300x138.jpg 300w, https:\/\/whitehorseresidence.com\/wp-content\/uploads\/2021\/08\/20200313_123256-e1585150874746-1-768x353.jpg 768w\" sizes=\"auto, (max-width: 925px) 100vw, 925px\" \/><\/a><\/figure><\/li><li class=\"blocks-gallery-item\"><figure><a href=\"https:\/\/whitehorseresidence.com\/wp-content\/uploads\/2021\/08\/Aerial0033-1-1.jpg\"><img loading=\"lazy\" decoding=\"async\" width=\"950\" height=\"425\" src=\"https:\/\/whitehorseresidence.com\/wp-content\/uploads\/2021\/08\/Aerial0033-1-1.jpg\" alt=\"\" data-id=\"1618\" data-full-url=\"https:\/\/whitehorseresidence.com\/wp-content\/uploads\/2021\/08\/Aerial0033-1-1.jpg\" data-link=\"https:\/\/whitehorseresidence.com\/?attachment_id=1618\" class=\"wp-image-1618\" srcset=\"https:\/\/whitehorseresidence.com\/wp-content\/uploads\/2021\/08\/Aerial0033-1-1.jpg 950w, https:\/\/whitehorseresidence.com\/wp-content\/uploads\/2021\/08\/Aerial0033-1-1-300x134.jpg 300w, https:\/\/whitehorseresidence.com\/wp-content\/uploads\/2021\/08\/Aerial0033-1-1-768x344.jpg 768w\" sizes=\"auto, (max-width: 950px) 100vw, 950px\" \/><\/a><\/figure><\/li><li class=\"blocks-gallery-item\"><figure><a href=\"https:\/\/whitehorseresidence.com\/wp-content\/uploads\/2021\/08\/Aerial0034-1r-1.jpg\"><img loading=\"lazy\" decoding=\"async\" width=\"600\" height=\"268\" src=\"https:\/\/whitehorseresidence.com\/wp-content\/uploads\/2021\/08\/Aerial0034-1r-1.jpg\" alt=\"\" data-id=\"1620\" data-full-url=\"https:\/\/whitehorseresidence.com\/wp-content\/uploads\/2021\/08\/Aerial0034-1r-1.jpg\" data-link=\"https:\/\/whitehorseresidence.com\/?attachment_id=1620\" class=\"wp-image-1620\" srcset=\"https:\/\/whitehorseresidence.com\/wp-content\/uploads\/2021\/08\/Aerial0034-1r-1.jpg 600w, https:\/\/whitehorseresidence.com\/wp-content\/uploads\/2021\/08\/Aerial0034-1r-1-300x134.jpg 300w\" sizes=\"auto, (max-width: 600px) 100vw, 600px\" \/><\/a><\/figure><\/li><li class=\"blocks-gallery-item\"><figure><a href=\"https:\/\/whitehorseresidence.com\/wp-content\/uploads\/2021\/08\/beach1-1.jpg\"><img loading=\"lazy\" decoding=\"async\" width=\"950\" height=\"425\" src=\"https:\/\/whitehorseresidence.com\/wp-content\/uploads\/2021\/08\/beach1-1.jpg\" alt=\"\" data-id=\"1622\" data-full-url=\"https:\/\/whitehorseresidence.com\/wp-content\/uploads\/2021\/08\/beach1-1.jpg\" data-link=\"https:\/\/whitehorseresidence.com\/?attachment_id=1622\" class=\"wp-image-1622\" srcset=\"https:\/\/whitehorseresidence.com\/wp-content\/uploads\/2021\/08\/beach1-1.jpg 950w, https:\/\/whitehorseresidence.com\/wp-content\/uploads\/2021\/08\/beach1-1-300x134.jpg 300w, https:\/\/whitehorseresidence.com\/wp-content\/uploads\/2021\/08\/beach1-1-768x344.jpg 768w\" sizes=\"auto, (max-width: 950px) 100vw, 950px\" \/><\/a><\/figure><\/li><li class=\"blocks-gallery-item\"><figure><a href=\"https:\/\/whitehorseresidence.com\/wp-content\/uploads\/2021\/08\/beach-at-Whitehorse-2-1.jpg\"><img loading=\"lazy\" decoding=\"async\" width=\"950\" height=\"425\" src=\"https:\/\/whitehorseresidence.com\/wp-content\/uploads\/2021\/08\/beach-at-Whitehorse-2-1.jpg\" alt=\"\" data-id=\"1624\" data-full-url=\"https:\/\/whitehorseresidence.com\/wp-content\/uploads\/2021\/08\/beach-at-Whitehorse-2-1.jpg\" data-link=\"https:\/\/whitehorseresidence.com\/?attachment_id=1624\" class=\"wp-image-1624\" srcset=\"https:\/\/whitehorseresidence.com\/wp-content\/uploads\/2021\/08\/beach-at-Whitehorse-2-1.jpg 950w, https:\/\/whitehorseresidence.com\/wp-content\/uploads\/2021\/08\/beach-at-Whitehorse-2-1-300x134.jpg 300w, https:\/\/whitehorseresidence.com\/wp-content\/uploads\/2021\/08\/beach-at-Whitehorse-2-1-768x344.jpg 768w\" sizes=\"auto, (max-width: 950px) 100vw, 950px\" \/><\/a><\/figure><\/li><li class=\"blocks-gallery-item\"><figure><a href=\"https:\/\/whitehorseresidence.com\/wp-content\/uploads\/2021\/08\/Gambia_\u00a9Junala8267red-e1584399974601-1.jpg\"><img loading=\"lazy\" decoding=\"async\" width=\"926\" height=\"425\" src=\"https:\/\/whitehorseresidence.com\/wp-content\/uploads\/2021\/08\/Gambia_\u00a9Junala8267red-e1584399974601-1.jpg\" alt=\"\" data-id=\"1626\" data-full-url=\"https:\/\/whitehorseresidence.com\/wp-content\/uploads\/2021\/08\/Gambia_\u00a9Junala8267red-e1584399974601-1.jpg\" data-link=\"https:\/\/whitehorseresidence.com\/?attachment_id=1626\" class=\"wp-image-1626\" srcset=\"https:\/\/whitehorseresidence.com\/wp-content\/uploads\/2021\/08\/Gambia_\u00a9Junala8267red-e1584399974601-1.jpg 926w, https:\/\/whitehorseresidence.com\/wp-content\/uploads\/2021\/08\/Gambia_\u00a9Junala8267red-e1584399974601-1-300x138.jpg 300w, https:\/\/whitehorseresidence.com\/wp-content\/uploads\/2021\/08\/Gambia_\u00a9Junala8267red-e1584399974601-1-768x352.jpg 768w\" sizes=\"auto, (max-width: 926px) 100vw, 926px\" \/><\/a><\/figure><\/li><li class=\"blocks-gallery-item\"><figure><a href=\"https:\/\/whitehorseresidence.com\/wp-content\/uploads\/2021\/08\/garden-House-3-950x425-2.jpg\"><img loading=\"lazy\" decoding=\"async\" width=\"800\" height=\"357\" src=\"https:\/\/whitehorseresidence.com\/wp-content\/uploads\/2021\/08\/garden-House-3-950x425-2.jpg\" alt=\"\" data-id=\"1628\" data-full-url=\"https:\/\/whitehorseresidence.com\/wp-content\/uploads\/2021\/08\/garden-House-3-950x425-2.jpg\" data-link=\"https:\/\/whitehorseresidence.com\/?attachment_id=1628\" class=\"wp-image-1628\" srcset=\"https:\/\/whitehorseresidence.com\/wp-content\/uploads\/2021\/08\/garden-House-3-950x425-2.jpg 800w, https:\/\/whitehorseresidence.com\/wp-content\/uploads\/2021\/08\/garden-House-3-950x425-2-300x134.jpg 300w, https:\/\/whitehorseresidence.com\/wp-content\/uploads\/2021\/08\/garden-House-3-950x425-2-768x343.jpg 768w\" sizes=\"auto, (max-width: 800px) 100vw, 800px\" \/><\/a><\/figure><\/li><li class=\"blocks-gallery-item\"><figure><a href=\"https:\/\/whitehorseresidence.com\/wp-content\/uploads\/2021\/08\/House_Garden_72dpi-1.jpg\"><img loading=\"lazy\" decoding=\"async\" width=\"885\" height=\"396\" src=\"https:\/\/whitehorseresidence.com\/wp-content\/uploads\/2021\/08\/House_Garden_72dpi-1.jpg\" alt=\"\" data-id=\"1630\" data-full-url=\"https:\/\/whitehorseresidence.com\/wp-content\/uploads\/2021\/08\/House_Garden_72dpi-1.jpg\" data-link=\"https:\/\/whitehorseresidence.com\/?attachment_id=1630\" class=\"wp-image-1630\" srcset=\"https:\/\/whitehorseresidence.com\/wp-content\/uploads\/2021\/08\/House_Garden_72dpi-1.jpg 885w, https:\/\/whitehorseresidence.com\/wp-content\/uploads\/2021\/08\/House_Garden_72dpi-1-300x134.jpg 300w, https:\/\/whitehorseresidence.com\/wp-content\/uploads\/2021\/08\/House_Garden_72dpi-1-768x344.jpg 768w\" sizes=\"auto, (max-width: 885px) 100vw, 885px\" \/><\/a><\/figure><\/li><li class=\"blocks-gallery-item\"><figure><a href=\"https:\/\/whitehorseresidence.com\/wp-content\/uploads\/2021\/08\/house-exterior-11.6.14-1.jpg\"><img loading=\"lazy\" decoding=\"async\" width=\"925\" height=\"425\" src=\"https:\/\/whitehorseresidence.com\/wp-content\/uploads\/2021\/08\/house-exterior-11.6.14-1.jpg\" alt=\"\" data-id=\"1632\" data-full-url=\"https:\/\/whitehorseresidence.com\/wp-content\/uploads\/2021\/08\/house-exterior-11.6.14-1.jpg\" data-link=\"https:\/\/whitehorseresidence.com\/?attachment_id=1632\" class=\"wp-image-1632\" srcset=\"https:\/\/whitehorseresidence.com\/wp-content\/uploads\/2021\/08\/house-exterior-11.6.14-1.jpg 925w, https:\/\/whitehorseresidence.com\/wp-content\/uploads\/2021\/08\/house-exterior-11.6.14-1-300x138.jpg 300w, https:\/\/whitehorseresidence.com\/wp-content\/uploads\/2021\/08\/house-exterior-11.6.14-1-768x353.jpg 768w\" sizes=\"auto, (max-width: 925px) 100vw, 925px\" \/><\/a><\/figure><\/li><li class=\"blocks-gallery-item\"><figure><a href=\"https:\/\/whitehorseresidence.com\/wp-content\/uploads\/2021\/08\/Kite-Surfer-Gambia-1.jpg\"><img loading=\"lazy\" decoding=\"async\" width=\"950\" height=\"425\" src=\"https:\/\/whitehorseresidence.com\/wp-content\/uploads\/2021\/08\/Kite-Surfer-Gambia-1.jpg\" alt=\"\" data-id=\"1634\" data-full-url=\"https:\/\/whitehorseresidence.com\/wp-content\/uploads\/2021\/08\/Kite-Surfer-Gambia-1.jpg\" data-link=\"https:\/\/whitehorseresidence.com\/?attachment_id=1634\" class=\"wp-image-1634\" srcset=\"https:\/\/whitehorseresidence.com\/wp-content\/uploads\/2021\/08\/Kite-Surfer-Gambia-1.jpg 950w, https:\/\/whitehorseresidence.com\/wp-content\/uploads\/2021\/08\/Kite-Surfer-Gambia-1-300x134.jpg 300w, https:\/\/whitehorseresidence.com\/wp-content\/uploads\/2021\/08\/Kite-Surfer-Gambia-1-768x344.jpg 768w\" sizes=\"auto, (max-width: 950px) 100vw, 950px\" \/><\/a><\/figure><\/li><li class=\"blocks-gallery-item\"><figure><a href=\"https:\/\/whitehorseresidence.com\/wp-content\/uploads\/2021\/08\/Poll-Area-1.jpg\"><img loading=\"lazy\" decoding=\"async\" width=\"950\" height=\"425\" src=\"https:\/\/whitehorseresidence.com\/wp-content\/uploads\/2021\/08\/Poll-Area-1.jpg\" alt=\"\" data-id=\"1635\" data-full-url=\"https:\/\/whitehorseresidence.com\/wp-content\/uploads\/2021\/08\/Poll-Area-1.jpg\" data-link=\"https:\/\/whitehorseresidence.com\/?attachment_id=1635\" class=\"wp-image-1635\" srcset=\"https:\/\/whitehorseresidence.com\/wp-content\/uploads\/2021\/08\/Poll-Area-1.jpg 950w, https:\/\/whitehorseresidence.com\/wp-content\/uploads\/2021\/08\/Poll-Area-1-300x134.jpg 300w, https:\/\/whitehorseresidence.com\/wp-content\/uploads\/2021\/08\/Poll-Area-1-768x344.jpg 768w\" sizes=\"auto, (max-width: 950px) 100vw, 950px\" \/><\/a><\/figure><\/li><li class=\"blocks-gallery-item\"><figure><a href=\"https:\/\/whitehorseresidence.com\/wp-content\/uploads\/2021\/08\/Pool-Site-2-1.jpg\"><img loading=\"lazy\" decoding=\"async\" width=\"950\" height=\"425\" src=\"https:\/\/whitehorseresidence.com\/wp-content\/uploads\/2021\/08\/Pool-Site-2-1.jpg\" alt=\"\" data-id=\"1636\" data-full-url=\"https:\/\/whitehorseresidence.com\/wp-content\/uploads\/2021\/08\/Pool-Site-2-1.jpg\" data-link=\"https:\/\/whitehorseresidence.com\/?attachment_id=1636\" class=\"wp-image-1636\" srcset=\"https:\/\/whitehorseresidence.com\/wp-content\/uploads\/2021\/08\/Pool-Site-2-1.jpg 950w, https:\/\/whitehorseresidence.com\/wp-content\/uploads\/2021\/08\/Pool-Site-2-1-300x134.jpg 300w, https:\/\/whitehorseresidence.com\/wp-content\/uploads\/2021\/08\/Pool-Site-2-1-768x344.jpg 768w\" sizes=\"auto, (max-width: 950px) 100vw, 950px\" \/><\/a><\/figure><\/li><li class=\"blocks-gallery-item\"><figure><a href=\"https:\/\/whitehorseresidence.com\/wp-content\/uploads\/2021\/08\/River-Tour-1.jpg\"><img loading=\"lazy\" decoding=\"async\" width=\"950\" height=\"426\" src=\"https:\/\/whitehorseresidence.com\/wp-content\/uploads\/2021\/08\/River-Tour-1.jpg\" alt=\"\" data-id=\"1638\" data-full-url=\"https:\/\/whitehorseresidence.com\/wp-content\/uploads\/2021\/08\/River-Tour-1.jpg\" data-link=\"https:\/\/whitehorseresidence.com\/?attachment_id=1638\" class=\"wp-image-1638\" srcset=\"https:\/\/whitehorseresidence.com\/wp-content\/uploads\/2021\/08\/River-Tour-1.jpg 950w, https:\/\/whitehorseresidence.com\/wp-content\/uploads\/2021\/08\/River-Tour-1-300x135.jpg 300w, https:\/\/whitehorseresidence.com\/wp-content\/uploads\/2021\/08\/River-Tour-1-768x344.jpg 768w\" sizes=\"auto, (max-width: 950px) 100vw, 950px\" \/><\/a><\/figure><\/li><li class=\"blocks-gallery-item\"><figure><a href=\"https:\/\/whitehorseresidence.com\/wp-content\/uploads\/2021\/08\/Sunfish-1.jpg\"><img loading=\"lazy\" decoding=\"async\" width=\"950\" height=\"425\" src=\"https:\/\/whitehorseresidence.com\/wp-content\/uploads\/2021\/08\/Sunfish-1.jpg\" alt=\"\" data-id=\"1639\" data-full-url=\"https:\/\/whitehorseresidence.com\/wp-content\/uploads\/2021\/08\/Sunfish-1.jpg\" data-link=\"https:\/\/whitehorseresidence.com\/?attachment_id=1639\" class=\"wp-image-1639\" srcset=\"https:\/\/whitehorseresidence.com\/wp-content\/uploads\/2021\/08\/Sunfish-1.jpg 950w, https:\/\/whitehorseresidence.com\/wp-content\/uploads\/2021\/08\/Sunfish-1-300x134.jpg 300w, https:\/\/whitehorseresidence.com\/wp-content\/uploads\/2021\/08\/Sunfish-1-768x344.jpg 768w\" sizes=\"auto, (max-width: 950px) 100vw, 950px\" \/><\/a><\/figure><\/li><\/ul><\/figure>\n","protected":false},"excerpt":{"rendered":"<p>La piscine est id\u00e9alement situ\u00e9e au centre du domaine avec une vue panoramique sur la mer et la v\u00e9g\u00e9tation.Le coucher de soleil sur la mer est juste devant la piscine, c&#8217;est un spectacle de tous les jours.Le bar et le restaurant sont situ\u00e9s autour de la piscine. Solarium, parasols et serviettes sont \u00e0 votre disposition.Le jardin paysager avec vue mer [&hellip;]<\/p>\n","protected":false},"author":1,"featured_media":0,"parent":0,"menu_order":0,"comment_status":"closed","ping_status":"closed","template":"","meta":{"footnotes":""},"class_list":["post-1504","page","type-page","status-publish","hentry"],"_links":{"self":[{"href":"https:\/\/whitehorseresidence.com\/index.php?rest_route=\/wp\/v2\/pages\/1504","targetHints":{"allow":["GET"]}}],"collection":[{"href":"https:\/\/whitehorseresidence.com\/index.php?rest_route=\/wp\/v2\/pages"}],"about":[{"href":"https:\/\/whitehorseresidence.com\/index.php?rest_route=\/wp\/v2\/types\/page"}],"author":[{"embeddable":true,"href":"https:\/\/whitehorseresidence.com\/index.php?rest_route=\/wp\/v2\/users\/1"}],"replies":[{"embeddable":true,"href":"https:\/\/whitehorseresidence.com\/index.php?rest_route=%2Fwp%2Fv2%2Fcomments&post=1504"}],"version-history":[{"count":2,"href":"https:\/\/whitehorseresidence.com\/index.php?rest_route=\/wp\/v2\/pages\/1504\/revisions"}],"predecessor-version":[{"id":1640,"href":"https:\/\/whitehorseresidence.com\/index.php?rest_route=\/wp\/v2\/pages\/1504\/revisions\/1640"}],"wp:attachment":[{"href":"https:\/\/whitehorseresidence.com\/index.php?rest_route=%2Fwp%2Fv2%2Fmedia&parent=1504"}],"curies":[{"name":"wp","href":"https:\/\/api.w.org\/{rel}","templated":true}]}}